{"id":263,"date":"2023-09-03T21:10:16","date_gmt":"2023-09-03T21:10:16","guid":{"rendered":"https:\/\/web.porres.edu.ar\/test\/?page_id=263"},"modified":"2023-10-11T18:42:52","modified_gmt":"2023-10-11T18:42:52","slug":"applied-behavior-analysis-y-saac","status":"publish","type":"page","link":"https:\/\/www.porres.edu.ar\/index.php\/applied-behavior-analysis-y-saac\/","title":{"rendered":"Applied Behavior Analysis y SAAC"},"content":{"rendered":"\t\t<div data-elementor-type=\"wp-page\" data-elementor-id=\"263\" class=\"elementor elementor-263\" data-elementor-post-type=\"page\">\n\t\t\t\t\t\t\t\t\t<section class=\"elementor-section elementor-top-section elementor-element elementor-element-60a672e6 elementor-section-height-min-height elementor-section-boxed elementor-section-height-default elementor-section-items-middle\" data-id=\"60a672e6\" data-element_type=\"section\" data-settings=\"{&quot;background_background&quot;:&quot;slideshow&quot;,&quot;background_slideshow_gallery&quot;:[{&quot;id&quot;:783,&quot;url&quot;:&quot;https:\\\/\\\/www.porres.edu.ar\\\/wp-content\\\/uploads\\\/2023\\\/09\\\/01-SLIDER-7.png&quot;},{&quot;id&quot;:787,&quot;url&quot;:&quot;https:\\\/\\\/www.porres.edu.ar\\\/wp-content\\\/uploads\\\/2023\\\/09\\\/02-SLIDER-7.png&quot;},{&quot;id&quot;:784,&quot;url&quot;:&quot;https:\\\/\\\/www.porres.edu.ar\\\/wp-content\\\/uploads\\\/2023\\\/09\\\/03-SLIDER-5.png&quot;},{&quot;id&quot;:785,&quot;url&quot;:&quot;https:\\\/\\\/www.porres.edu.ar\\\/wp-content\\\/uploads\\\/2023\\\/09\\\/04-SLIDER-4.png&quot;},{&quot;id&quot;:782,&quot;url&quot;:&quot;https:\\\/\\\/www.porres.edu.ar\\\/wp-content\\\/uploads\\\/2023\\\/09\\\/05-SLIDER-4.png&quot;}],&quot;background_slideshow_slide_transition&quot;:&quot;slide_left&quot;,&quot;background_slideshow_loop&quot;:&quot;yes&quot;,&quot;background_slideshow_slide_duration&quot;:5000,&quot;background_slideshow_transition_duration&quot;:500}\">\n\t\t\t\t\t\t\t<div class=\"elementor-background-overlay\"><\/div>\n\t\t\t\t\t\t\t<div class=\"elementor-container elementor-column-gap-default\">\n\t\t\t\t\t<div class=\"elementor-column elementor-col-100 elementor-top-column elementor-element elementor-element-23e9ac4a\" data-id=\"23e9ac4a\" data-element_type=\"column\">\n\t\t\t<div class=\"elementor-widget-wrap\">\n\t\t\t\t\t\t\t\t\t<\/div>\n\t\t<\/div>\n\t\t\t\t\t\t\t<\/div>\n\t\t<\/section>\n\t\t\t\t<section class=\"elementor-section elementor-top-section elementor-element elementor-element-37274207 elementor-section-boxed elementor-section-height-default elementor-section-height-default\" data-id=\"37274207\" data-element_type=\"section\">\n\t\t\t\t\t\t<div class=\"elementor-container elementor-column-gap-default\">\n\t\t\t\t\t<div class=\"elementor-column elementor-col-100 elementor-top-column elementor-element elementor-element-71d70c87 elementor-invisible\" data-id=\"71d70c87\" data-element_type=\"column\" data-settings=\"{&quot;animation&quot;:&quot;fadeInUp&quot;}\">\n\t\t\t<div class=\"elementor-widget-wrap elementor-element-populated\">\n\t\t\t\t\t\t\t\t<div class=\"elementor-element elementor-element-3b5e3e43 elementor-widget elementor-widget-heading\" data-id=\"3b5e3e43\" data-element_type=\"widget\" data-widget_type=\"heading.default\">\n\t\t\t\t<div class=\"elementor-widget-container\">\n\t\t\t<style>\/*! elementor - v3.15.0 - 20-08-2023 *\/\n.elementor-heading-title{padding:0;margin:0;line-height:1}.elementor-widget-heading .elementor-heading-title[class*=elementor-size-]>a{color:inherit;font-size:inherit;line-height:inherit}.elementor-widget-heading .elementor-heading-title.elementor-size-small{font-size:15px}.elementor-widget-heading .elementor-heading-title.elementor-size-medium{font-size:19px}.elementor-widget-heading .elementor-heading-title.elementor-size-large{font-size:29px}.elementor-widget-heading .elementor-heading-title.elementor-size-xl{font-size:39px}.elementor-widget-heading .elementor-heading-title.elementor-size-xxl{font-size:59px}<\/style><h2 class=\"elementor-heading-title elementor-size-default\">Applied Behavior Analysis (ABA \u2013 An\u00e1lisis Conductual Aplicado)<\/h2>\t\t<\/div>\n\t\t\t\t<\/div>\n\t\t\t\t<div class=\"elementor-element elementor-element-d0b069a elementor-widget elementor-widget-text-editor\" data-id=\"d0b069a\" data-element_type=\"widget\" data-widget_type=\"text-editor.default\">\n\t\t\t\t<div class=\"elementor-widget-container\">\n\t\t\t<style>\/*! elementor - v3.15.0 - 20-08-2023 *\/\n.elementor-widget-text-editor.elementor-drop-cap-view-stacked .elementor-drop-cap{background-color:#69727d;color:#fff}.elementor-widget-text-editor.elementor-drop-cap-view-framed .elementor-drop-cap{color:#69727d;border:3px solid;background-color:transparent}.elementor-widget-text-editor:not(.elementor-drop-cap-view-default) .elementor-drop-cap{margin-top:8px}.elementor-widget-text-editor:not(.elementor-drop-cap-view-default) .elementor-drop-cap-letter{width:1em;height:1em}.elementor-widget-text-editor .elementor-drop-cap{float:left;text-align:center;line-height:1;font-size:50px}.elementor-widget-text-editor .elementor-drop-cap-letter{display:inline-block}<\/style>\t\t\t\t<p>La base de nuestro enfoque en el autismo se encuentra en el An\u00e1lisis Conductual Aplicado (ABA por sus siglas en ingl\u00e9s). El ABA es un enfoque que se centra en la comprensi\u00f3n profunda de para qu\u00e9 son los comportamientos que se desarrollan y c\u00f3mo pueden ser modificados. Nuestro equipo utiliza este enfoque respaldado por la evidencia para dise\u00f1ar programas de intervenci\u00f3n altamente personalizados.<\/p><p>A trav\u00e9s de la observaci\u00f3n y el an\u00e1lisis, identificamos los patrones de comportamiento y trabajamos para fortalecer las habilidades necesarias para una vida m\u00e1s independiente y plena. Desde habilidades de comunicaci\u00f3n e interacci\u00f3n social hasta rutinas diarias y habilidades pr\u00e1cticas, nuestros programas basados en ABA se adaptan a las necesidades \u00fanicas de cada persona. As\u00ed no solo se mejora el comportamiento y las habilidades, sino que tambi\u00e9n se traduce en oportunidades de aprendizaje significativas y conexiones con el entorno.<br \/><br \/>Utilizamos el enfoque Verbal Behavior o Conducta Verbal desarrollado por el psic\u00f3logo B.F. Skinner en la d\u00e9cada del 50. Se basa en la idea de que el lenguaje es una forma de comportamiento que se aprende y mantiene a trav\u00e9s de los mismos principios que otras conductas. Lo utilizamos para ense\u00f1ar lenguaje y comunicaci\u00f3n. <\/p><p>\u00a0<\/p>\t\t\t\t\t\t<\/div>\n\t\t\t\t<\/div>\n\t\t\t\t<div class=\"elementor-element elementor-element-f634bb9 elementor-widget elementor-widget-heading\" data-id=\"f634bb9\" data-element_type=\"widget\" data-widget_type=\"heading.default\">\n\t\t\t\t<div class=\"elementor-widget-container\">\n\t\t\t<h2 class=\"elementor-heading-title elementor-size-default\">Sistemas Aumentativos Alternativos de Comunicaci\u00f3n (SAAC)<\/h2>\t\t<\/div>\n\t\t\t\t<\/div>\n\t\t\t\t<div class=\"elementor-element elementor-element-9476e71 elementor-widget elementor-widget-text-editor\" data-id=\"9476e71\" data-element_type=\"widget\" data-widget_type=\"text-editor.default\">\n\t\t\t\t<div class=\"elementor-widget-container\">\n\t\t\t\t\t\t\t<p>Los sistemas alternativos y aumentativos de comunicaci\u00f3n son formas de expresi\u00f3n diferentes al lenguaje oral y tienen como objetivo aumentar y\/o compensar las dificultades para poder comunicarse a trav\u00e9s del canal auditivo-verbal. Sabemos de la importancia que tiene la comunicaci\u00f3n y el lenguaje para las relaciones sociales, el aprendizaje y la interacci\u00f3n social; y gracias a este tipo de sistemas se facilitan mucho las cosas para las personas no verbales y\/o con dificultades en la estructuraci\u00f3n y articulaci\u00f3n del lenguaje oral. Son herramientas que facilitan a las personas con TEA una forma efectiva de expresar su deseo, necesidades, mejorar la interacci\u00f3n social y participar activamente de su entorno.<\/p>\t\t\t\t\t\t<\/div>\n\t\t\t\t<\/div>\n\t\t\t\t\t<\/div>\n\t\t<\/div>\n\t\t\t\t\t\t\t<\/div>\n\t\t<\/section>\n\t\t\t\t<section class=\"elementor-section elementor-top-section elementor-element elementor-element-626ade57 elementor-section-full_width elementor-section-height-default elementor-section-height-default\" data-id=\"626ade57\" data-element_type=\"section\">\n\t\t\t\t\t\t<div class=\"elementor-container elementor-column-gap-no\">\n\t\t\t\t\t<div class=\"elementor-column elementor-col-100 elementor-top-column elementor-element elementor-element-137af91f\" data-id=\"137af91f\" data-element_type=\"column\">\n\t\t\t<div class=\"elementor-widget-wrap elementor-element-populated\">\n\t\t\t\t\t\t\t\t<div class=\"elementor-element elementor-element-7acf576 elementor-widget__width-initial elementor-widget elementor-widget-image-gallery\" data-id=\"7acf576\" data-element_type=\"widget\" data-widget_type=\"image-gallery.default\">\n\t\t\t\t<div class=\"elementor-widget-container\">\n\t\t\t<style>\/*! elementor - v3.15.0 - 20-08-2023 *\/\n.elementor-image-gallery .gallery-item{display:inline-block;text-align:center;vertical-align:top;width:100%;max-width:100%;margin:0 auto}.elementor-image-gallery .gallery-item img{margin:0 auto}.elementor-image-gallery .gallery-item .gallery-caption{margin:0}.elementor-image-gallery figure img{display:block}.elementor-image-gallery figure figcaption{width:100%}.gallery-spacing-custom .elementor-image-gallery .gallery-icon{padding:0}@media (min-width:768px){.elementor-image-gallery .gallery-columns-2 .gallery-item{max-width:50%}.elementor-image-gallery .gallery-columns-3 .gallery-item{max-width:33.33%}.elementor-image-gallery .gallery-columns-4 .gallery-item{max-width:25%}.elementor-image-gallery .gallery-columns-5 .gallery-item{max-width:20%}.elementor-image-gallery .gallery-columns-6 .gallery-item{max-width:16.666%}.elementor-image-gallery .gallery-columns-7 .gallery-item{max-width:14.28%}.elementor-image-gallery .gallery-columns-8 .gallery-item{max-width:12.5%}.elementor-image-gallery .gallery-columns-9 .gallery-item{max-width:11.11%}.elementor-image-gallery .gallery-columns-10 .gallery-item{max-width:10%}}@media (min-width:480px) and (max-width:767px){.elementor-image-gallery .gallery.gallery-columns-2 .gallery-item,.elementor-image-gallery .gallery.gallery-columns-3 .gallery-item,.elementor-image-gallery .gallery.gallery-columns-4 .gallery-item,.elementor-image-gallery .gallery.gallery-columns-5 .gallery-item,.elementor-image-gallery .gallery.gallery-columns-6 .gallery-item,.elementor-image-gallery .gallery.gallery-columns-7 .gallery-item,.elementor-image-gallery .gallery.gallery-columns-8 .gallery-item,.elementor-image-gallery .gallery.gallery-columns-9 .gallery-item,.elementor-image-gallery .gallery.gallery-columns-10 .gallery-item{max-width:50%}}@media (max-width:479px){.elementor-image-gallery .gallery.gallery-columns-2 .gallery-item,.elementor-image-gallery .gallery.gallery-columns-3 .gallery-item,.elementor-image-gallery .gallery.gallery-columns-4 .gallery-item,.elementor-image-gallery .gallery.gallery-columns-5 .gallery-item,.elementor-image-gallery .gallery.gallery-columns-6 .gallery-item,.elementor-image-gallery .gallery.gallery-columns-7 .gallery-item,.elementor-image-gallery .gallery.gallery-columns-8 .gallery-item,.elementor-image-gallery .gallery.gallery-columns-9 .gallery-item,.elementor-image-gallery .gallery.gallery-columns-10 .gallery-item{max-width:100%}}<\/style>\t\t<div class=\"elementor-image-gallery\">\n\t\t\t<div id='gallery-1' class='gallery galleryid-263 gallery-columns-5 gallery-size-full'><figure class='gallery-item'>\n\t\t\t<div class='gallery-icon landscape'>\n\t\t\t\t<a data-elementor-open-lightbox=\"yes\" data-elementor-lightbox-slideshow=\"7acf576\" data-elementor-lightbox-title=\"01-GALERIA\" data-e-action-hash=\"#elementor-action%3Aaction%3Dlightbox%26settings%3DeyJpZCI6NzkzLCJ1cmwiOiJodHRwczpcL1wvd3d3LnBvcnJlcy5lZHUuYXJcL3dwLWNvbnRlbnRcL3VwbG9hZHNcLzIwMjNcLzA5XC8wMS1HQUxFUklBLTEucG5nIiwic2xpZGVzaG93IjoiN2FjZjU3NiJ9\" href='https:\/\/www.porres.edu.ar\/wp-content\/uploads\/2023\/09\/01-GALERIA-1.png'><img loading=\"lazy\" decoding=\"async\" width=\"680\" height=\"680\" src=\"https:\/\/www.porres.edu.ar\/wp-content\/uploads\/2023\/09\/01-GALERIA-1.png\" class=\"attachment-full size-full\" alt=\"\" srcset=\"https:\/\/www.porres.edu.ar\/wp-content\/uploads\/2023\/09\/01-GALERIA-1.png 680w, https:\/\/www.porres.edu.ar\/wp-content\/uploads\/2023\/09\/01-GALERIA-1-300x300.png 300w, https:\/\/www.porres.edu.ar\/wp-content\/uploads\/2023\/09\/01-GALERIA-1-150x150.png 150w\" sizes=\"auto, (max-width: 680px) 100vw, 680px\" \/><\/a>\n\t\t\t<\/div><\/figure><figure class='gallery-item'>\n\t\t\t<div class='gallery-icon landscape'>\n\t\t\t\t<a data-elementor-open-lightbox=\"yes\" data-elementor-lightbox-slideshow=\"7acf576\" data-elementor-lightbox-title=\"02-GALERIA\" data-e-action-hash=\"#elementor-action%3Aaction%3Dlightbox%26settings%3DeyJpZCI6NzkxLCJ1cmwiOiJodHRwczpcL1wvd3d3LnBvcnJlcy5lZHUuYXJcL3dwLWNvbnRlbnRcL3VwbG9hZHNcLzIwMjNcLzA5XC8wMi1HQUxFUklBLTEucG5nIiwic2xpZGVzaG93IjoiN2FjZjU3NiJ9\" href='https:\/\/www.porres.edu.ar\/wp-content\/uploads\/2023\/09\/02-GALERIA-1.png'><img loading=\"lazy\" decoding=\"async\" width=\"680\" height=\"680\" src=\"https:\/\/www.porres.edu.ar\/wp-content\/uploads\/2023\/09\/02-GALERIA-1.png\" class=\"attachment-full size-full\" alt=\"\" srcset=\"https:\/\/www.porres.edu.ar\/wp-content\/uploads\/2023\/09\/02-GALERIA-1.png 680w, https:\/\/www.porres.edu.ar\/wp-content\/uploads\/2023\/09\/02-GALERIA-1-300x300.png 300w, https:\/\/www.porres.edu.ar\/wp-content\/uploads\/2023\/09\/02-GALERIA-1-150x150.png 150w\" sizes=\"auto, (max-width: 680px) 100vw, 680px\" \/><\/a>\n\t\t\t<\/div><\/figure><figure class='gallery-item'>\n\t\t\t<div class='gallery-icon landscape'>\n\t\t\t\t<a data-elementor-open-lightbox=\"yes\" data-elementor-lightbox-slideshow=\"7acf576\" data-elementor-lightbox-title=\"03-GALERIA\" data-e-action-hash=\"#elementor-action%3Aaction%3Dlightbox%26settings%3DeyJpZCI6Nzk0LCJ1cmwiOiJodHRwczpcL1wvd3d3LnBvcnJlcy5lZHUuYXJcL3dwLWNvbnRlbnRcL3VwbG9hZHNcLzIwMjNcLzA5XC8wMy1HQUxFUklBLTEucG5nIiwic2xpZGVzaG93IjoiN2FjZjU3NiJ9\" href='https:\/\/www.porres.edu.ar\/wp-content\/uploads\/2023\/09\/03-GALERIA-1.png'><img loading=\"lazy\" decoding=\"async\" width=\"680\" height=\"680\" src=\"https:\/\/www.porres.edu.ar\/wp-content\/uploads\/2023\/09\/03-GALERIA-1.png\" class=\"attachment-full size-full\" alt=\"\" srcset=\"https:\/\/www.porres.edu.ar\/wp-content\/uploads\/2023\/09\/03-GALERIA-1.png 680w, https:\/\/www.porres.edu.ar\/wp-content\/uploads\/2023\/09\/03-GALERIA-1-300x300.png 300w, https:\/\/www.porres.edu.ar\/wp-content\/uploads\/2023\/09\/03-GALERIA-1-150x150.png 150w\" sizes=\"auto, (max-width: 680px) 100vw, 680px\" \/><\/a>\n\t\t\t<\/div><\/figure><figure class='gallery-item'>\n\t\t\t<div class='gallery-icon landscape'>\n\t\t\t\t<a data-elementor-open-lightbox=\"yes\" data-elementor-lightbox-slideshow=\"7acf576\" data-elementor-lightbox-title=\"04-GALERIA\" data-e-action-hash=\"#elementor-action%3Aaction%3Dlightbox%26settings%3DeyJpZCI6NzkyLCJ1cmwiOiJodHRwczpcL1wvd3d3LnBvcnJlcy5lZHUuYXJcL3dwLWNvbnRlbnRcL3VwbG9hZHNcLzIwMjNcLzA5XC8wNC1HQUxFUklBLTEucG5nIiwic2xpZGVzaG93IjoiN2FjZjU3NiJ9\" href='https:\/\/www.porres.edu.ar\/wp-content\/uploads\/2023\/09\/04-GALERIA-1.png'><img loading=\"lazy\" decoding=\"async\" width=\"680\" height=\"680\" src=\"https:\/\/www.porres.edu.ar\/wp-content\/uploads\/2023\/09\/04-GALERIA-1.png\" class=\"attachment-full size-full\" alt=\"\" srcset=\"https:\/\/www.porres.edu.ar\/wp-content\/uploads\/2023\/09\/04-GALERIA-1.png 680w, https:\/\/www.porres.edu.ar\/wp-content\/uploads\/2023\/09\/04-GALERIA-1-300x300.png 300w, https:\/\/www.porres.edu.ar\/wp-content\/uploads\/2023\/09\/04-GALERIA-1-150x150.png 150w\" sizes=\"auto, (max-width: 680px) 100vw, 680px\" \/><\/a>\n\t\t\t<\/div><\/figure><figure class='gallery-item'>\n\t\t\t<div class='gallery-icon landscape'>\n\t\t\t\t<a data-elementor-open-lightbox=\"yes\" data-elementor-lightbox-slideshow=\"7acf576\" data-elementor-lightbox-title=\"05-GALERIA\" data-e-action-hash=\"#elementor-action%3Aaction%3Dlightbox%26settings%3DeyJpZCI6Nzk1LCJ1cmwiOiJodHRwczpcL1wvd3d3LnBvcnJlcy5lZHUuYXJcL3dwLWNvbnRlbnRcL3VwbG9hZHNcLzIwMjNcLzA5XC8wNS1HQUxFUklBLTEucG5nIiwic2xpZGVzaG93IjoiN2FjZjU3NiJ9\" href='https:\/\/www.porres.edu.ar\/wp-content\/uploads\/2023\/09\/05-GALERIA-1.png'><img loading=\"lazy\" decoding=\"async\" width=\"680\" height=\"680\" src=\"https:\/\/www.porres.edu.ar\/wp-content\/uploads\/2023\/09\/05-GALERIA-1.png\" class=\"attachment-full size-full\" alt=\"\" srcset=\"https:\/\/www.porres.edu.ar\/wp-content\/uploads\/2023\/09\/05-GALERIA-1.png 680w, https:\/\/www.porres.edu.ar\/wp-content\/uploads\/2023\/09\/05-GALERIA-1-300x300.png 300w, https:\/\/www.porres.edu.ar\/wp-content\/uploads\/2023\/09\/05-GALERIA-1-150x150.png 150w\" sizes=\"auto, (max-width: 680px) 100vw, 680px\" \/><\/a>\n\t\t\t<\/div><\/figure>\n\t\t<\/div>\n\t\t<\/div>\n\t\t\t\t<\/div>\n\t\t\t\t<\/div>\n\t\t\t\t\t<\/div>\n\t\t<\/div>\n\t\t\t\t\t\t\t<\/div>\n\t\t<\/section>\n\t\t\t\t<section class=\"elementor-section elementor-top-section elementor-element elementor-element-468677f3 elementor-section-boxed elementor-section-height-default elementor-section-height-default\" data-id=\"468677f3\" data-element_type=\"section\" data-settings=\"{&quot;background_background&quot;:&quot;classic&quot;,&quot;shape_divider_bottom&quot;:&quot;waves&quot;}\">\n\t\t\t\t\t<div class=\"elementor-shape elementor-shape-bottom\" data-negative=\"false\">\n\t\t\t<svg xmlns=\"http:\/\/www.w3.org\/2000\/svg\" viewBox=\"0 0 1000 100\" preserveAspectRatio=\"none\">\n\t<path class=\"elementor-shape-fill\" d=\"M421.9,6.5c22.6-2.5,51.5,0.4,75.5,5.3c23.6,4.9,70.9,23.5,100.5,35.7c75.8,32.2,133.7,44.5,192.6,49.7\n\tc23.6,2.1,48.7,3.5,103.4-2.5c54.7-6,106.2-25.6,106.2-25.6V0H0v30.3c0,0,72,32.6,158.4,30.5c39.2-0.7,92.8-6.7,134-22.4\n\tc21.2-8.1,52.2-18.2,79.7-24.2C399.3,7.9,411.6,7.5,421.9,6.5z\"\/>\n<\/svg>\t\t<\/div>\n\t\t\t\t\t<div class=\"elementor-container elementor-column-gap-default\">\n\t\t\t\t\t<div class=\"elementor-column elementor-col-100 elementor-top-column elementor-element elementor-element-22a77acd\" data-id=\"22a77acd\" data-element_type=\"column\">\n\t\t\t<div class=\"elementor-widget-wrap elementor-element-populated\">\n\t\t\t\t\t\t\t\t<div class=\"elementor-element elementor-element-7a1e3328 elementor-widget elementor-widget-heading\" data-id=\"7a1e3328\" data-element_type=\"widget\" data-widget_type=\"heading.default\">\n\t\t\t\t<div class=\"elementor-widget-container\">\n\t\t\t<h2 class=\"elementor-heading-title elementor-size-xxl\">\u00a1Solicit\u00e1 una vacante ahora!<\/h2>\t\t<\/div>\n\t\t\t\t<\/div>\n\t\t\t\t<div class=\"elementor-element elementor-element-711e26af elementor-widget elementor-widget-text-editor\" data-id=\"711e26af\" data-element_type=\"widget\" data-widget_type=\"text-editor.default\">\n\t\t\t\t<div class=\"elementor-widget-container\">\n\t\t\t\t\t\t\t<p>Hac\u00e9 click en el bot\u00f3n, complet\u00e1 el formulario y un profesional se pondr\u00e1 en contacto con vos para coordinar una entrevista.<\/p>\t\t\t\t\t\t<\/div>\n\t\t\t\t<\/div>\n\t\t\t\t<div class=\"elementor-element elementor-element-770f139 elementor-align-center elementor-button-success elementor-widget elementor-widget-button\" data-id=\"770f139\" data-element_type=\"widget\" data-widget_type=\"button.default\">\n\t\t\t\t<div class=\"elementor-widget-container\">\n\t\t\t\t\t<div class=\"elementor-button-wrapper\">\n\t\t\t<a class=\"elementor-button elementor-button-link elementor-size-xl\" href=\"https:\/\/www.porres.edu.ar\/index.php\/formulario-de-admision\/\">\n\t\t\t\t\t\t<span class=\"elementor-button-content-wrapper\">\n\t\t\t\t\t\t<span class=\"elementor-button-text\">Formulario de Admisi\u00f3n<\/span>\n\t\t<\/span>\n\t\t\t\t\t<\/a>\n\t\t<\/div>\n\t\t\t\t<\/div>\n\t\t\t\t<\/div>\n\t\t\t\t\t<\/div>\n\t\t<\/div>\n\t\t\t\t\t\t\t<\/div>\n\t\t<\/section>\n\t\t\t\t\t\t\t<\/div>\n\t\t","protected":false},"excerpt":{"rendered":"<p>Applied Behavior Analysis (ABA \u2013 An\u00e1lisis Conductual Aplicado) La base de nuestro enfoque en el autismo se encuentra en el An\u00e1lisis Conductual Aplicado (ABA por sus siglas en ingl\u00e9s). El ABA es un enfoque que se centra en la comprensi\u00f3n profunda de para qu\u00e9 son los comportamientos que se desarrollan y c\u00f3mo pueden ser modificados. [&hellip;]<\/p>\n","protected":false},"author":1,"featured_media":0,"parent":0,"menu_order":0,"comment_status":"closed","ping_status":"closed","template":"","meta":{"footnotes":""},"class_list":["post-263","page","type-page","status-publish","hentry"],"_links":{"self":[{"href":"https:\/\/www.porres.edu.ar\/index.php\/wp-json\/wp\/v2\/pages\/263","targetHints":{"allow":["GET"]}}],"collection":[{"href":"https:\/\/www.porres.edu.ar\/index.php\/wp-json\/wp\/v2\/pages"}],"about":[{"href":"https:\/\/www.porres.edu.ar\/index.php\/wp-json\/wp\/v2\/types\/page"}],"author":[{"embeddable":true,"href":"https:\/\/www.porres.edu.ar\/index.php\/wp-json\/wp\/v2\/users\/1"}],"replies":[{"embeddable":true,"href":"https:\/\/www.porres.edu.ar\/index.php\/wp-json\/wp\/v2\/comments?post=263"}],"version-history":[{"count":37,"href":"https:\/\/www.porres.edu.ar\/index.php\/wp-json\/wp\/v2\/pages\/263\/revisions"}],"predecessor-version":[{"id":1440,"href":"https:\/\/www.porres.edu.ar\/index.php\/wp-json\/wp\/v2\/pages\/263\/revisions\/1440"}],"wp:attachment":[{"href":"https:\/\/www.porres.edu.ar\/index.php\/wp-json\/wp\/v2\/media?parent=263"}],"curies":[{"name":"wp","href":"https:\/\/api.w.org\/{rel}","templated":true}]}}