{"id":267,"date":"2023-09-03T21:11:14","date_gmt":"2023-09-03T21:11:14","guid":{"rendered":"https:\/\/web.porres.edu.ar\/test\/?page_id=267"},"modified":"2023-10-06T02:11:31","modified_gmt":"2023-10-06T02:11:31","slug":"actividades-artisticas","status":"publish","type":"page","link":"https:\/\/www.porres.edu.ar\/index.php\/actividades-artisticas\/","title":{"rendered":"Actividades Art\u00edsticas"},"content":{"rendered":"\t\t<div data-elementor-type=\"wp-page\" data-elementor-id=\"267\" class=\"elementor elementor-267\" data-elementor-post-type=\"page\">\n\t\t\t\t\t\t\t\t\t<section class=\"elementor-section elementor-top-section elementor-element elementor-element-3765be2f elementor-section-height-min-height elementor-section-boxed elementor-section-height-default elementor-section-items-middle\" data-id=\"3765be2f\" data-element_type=\"section\" data-settings=\"{&quot;background_background&quot;:&quot;slideshow&quot;,&quot;background_slideshow_gallery&quot;:[{&quot;id&quot;:815,&quot;url&quot;:&quot;https:\\\/\\\/www.porres.edu.ar\\\/wp-content\\\/uploads\\\/2023\\\/09\\\/01-SLIDER-9.png&quot;},{&quot;id&quot;:816,&quot;url&quot;:&quot;https:\\\/\\\/www.porres.edu.ar\\\/wp-content\\\/uploads\\\/2023\\\/09\\\/02-SLIDER-9.png&quot;},{&quot;id&quot;:817,&quot;url&quot;:&quot;https:\\\/\\\/www.porres.edu.ar\\\/wp-content\\\/uploads\\\/2023\\\/09\\\/03-SLIDER-6.png&quot;},{&quot;id&quot;:818,&quot;url&quot;:&quot;https:\\\/\\\/www.porres.edu.ar\\\/wp-content\\\/uploads\\\/2023\\\/09\\\/04-SLIDER-5.png&quot;},{&quot;id&quot;:819,&quot;url&quot;:&quot;https:\\\/\\\/www.porres.edu.ar\\\/wp-content\\\/uploads\\\/2023\\\/09\\\/05-SLIDER-5.png&quot;}],&quot;background_slideshow_slide_transition&quot;:&quot;slide_left&quot;,&quot;background_slideshow_loop&quot;:&quot;yes&quot;,&quot;background_slideshow_slide_duration&quot;:5000,&quot;background_slideshow_transition_duration&quot;:500}\">\n\t\t\t\t\t\t\t<div class=\"elementor-background-overlay\"><\/div>\n\t\t\t\t\t\t\t<div class=\"elementor-container elementor-column-gap-default\">\n\t\t\t\t\t<div class=\"elementor-column elementor-col-100 elementor-top-column elementor-element elementor-element-266dcbef\" data-id=\"266dcbef\" data-element_type=\"column\">\n\t\t\t<div class=\"elementor-widget-wrap\">\n\t\t\t\t\t\t\t\t\t<\/div>\n\t\t<\/div>\n\t\t\t\t\t\t\t<\/div>\n\t\t<\/section>\n\t\t\t\t<section class=\"elementor-section elementor-top-section elementor-element elementor-element-559966e1 elementor-section-boxed elementor-section-height-default elementor-section-height-default\" data-id=\"559966e1\" data-element_type=\"section\">\n\t\t\t\t\t\t<div class=\"elementor-container elementor-column-gap-default\">\n\t\t\t\t\t<div class=\"elementor-column elementor-col-100 elementor-top-column elementor-element elementor-element-2c839f8f elementor-invisible\" data-id=\"2c839f8f\" data-element_type=\"column\" data-settings=\"{&quot;animation&quot;:&quot;fadeInUp&quot;}\">\n\t\t\t<div class=\"elementor-widget-wrap elementor-element-populated\">\n\t\t\t\t\t\t\t\t<div class=\"elementor-element elementor-element-1ad7bfbb elementor-widget elementor-widget-heading\" data-id=\"1ad7bfbb\" data-element_type=\"widget\" data-widget_type=\"heading.default\">\n\t\t\t\t<div class=\"elementor-widget-container\">\n\t\t\t<style>\/*! elementor - v3.15.0 - 20-08-2023 *\/\n.elementor-heading-title{padding:0;margin:0;line-height:1}.elementor-widget-heading .elementor-heading-title[class*=elementor-size-]>a{color:inherit;font-size:inherit;line-height:inherit}.elementor-widget-heading .elementor-heading-title.elementor-size-small{font-size:15px}.elementor-widget-heading .elementor-heading-title.elementor-size-medium{font-size:19px}.elementor-widget-heading .elementor-heading-title.elementor-size-large{font-size:29px}.elementor-widget-heading .elementor-heading-title.elementor-size-xl{font-size:39px}.elementor-widget-heading .elementor-heading-title.elementor-size-xxl{font-size:59px}<\/style><h2 class=\"elementor-heading-title elementor-size-default\">Actividades art\u00edsticas<\/h2>\t\t<\/div>\n\t\t\t\t<\/div>\n\t\t\t\t<div class=\"elementor-element elementor-element-2a8eedb8 elementor-widget elementor-widget-text-editor\" data-id=\"2a8eedb8\" data-element_type=\"widget\" data-widget_type=\"text-editor.default\">\n\t\t\t\t<div class=\"elementor-widget-container\">\n\t\t\t<style>\/*! elementor - v3.15.0 - 20-08-2023 *\/\n.elementor-widget-text-editor.elementor-drop-cap-view-stacked .elementor-drop-cap{background-color:#69727d;color:#fff}.elementor-widget-text-editor.elementor-drop-cap-view-framed .elementor-drop-cap{color:#69727d;border:3px solid;background-color:transparent}.elementor-widget-text-editor:not(.elementor-drop-cap-view-default) .elementor-drop-cap{margin-top:8px}.elementor-widget-text-editor:not(.elementor-drop-cap-view-default) .elementor-drop-cap-letter{width:1em;height:1em}.elementor-widget-text-editor .elementor-drop-cap{float:left;text-align:center;line-height:1;font-size:50px}.elementor-widget-text-editor .elementor-drop-cap-letter{display:inline-block}<\/style>\t\t\t\t<p>Nuestra propuesta educativa re\u00fane proyectos que est\u00e1n enmarcados en las \u00e1reas de la Educaci\u00f3n art\u00edstica, como ser arte, danzas, m\u00fasica y escultura, entre otros. <b>El dise\u00f1o e implementaci\u00f3n de propuestas \u00e1ulicas de los lenguajes art\u00edsticos da sentido a nuestro proyecto institucional, fortaleciendo la inclusi\u00f3n social, como medio de expresi\u00f3n y comunicaci\u00f3n.<\/b><\/p><p>Estamos explorando enfoques m\u00e1s creativos e innovadores para impartir disciplinas art\u00edsticas a ni\u00f1os y j\u00f3venes con autismo. <b>Estas metodolog\u00edas les permiten colaborar en equipo, fomentar el desarrollo de sus habilidades y talentos, <\/b>al mismo tiempo, aplicar sus conocimientos en otras \u00e1reas del aprendizaje acad\u00e9mico y social.<\/p><p>Tenemos la <b>primera banda musical confirmada exclusivamente por chicos dentro del espectro, <\/b>que toca rock, folclore tango, entre otros.<\/p>\t\t\t\t\t\t<\/div>\n\t\t\t\t<\/div>\n\t\t\t\t\t<\/div>\n\t\t<\/div>\n\t\t\t\t\t\t\t<\/div>\n\t\t<\/section>\n\t\t\t\t<section class=\"elementor-section elementor-top-section elementor-element elementor-element-d6bf369 elementor-section-full_width elementor-section-height-default elementor-section-height-default\" data-id=\"d6bf369\" data-element_type=\"section\">\n\t\t\t\t\t\t<div class=\"elementor-container elementor-column-gap-no\">\n\t\t\t\t\t<div class=\"elementor-column elementor-col-100 elementor-top-column elementor-element elementor-element-234982ca\" data-id=\"234982ca\" data-element_type=\"column\">\n\t\t\t<div class=\"elementor-widget-wrap elementor-element-populated\">\n\t\t\t\t\t\t\t\t<div class=\"elementor-element elementor-element-97fd989 elementor-widget__width-initial elementor-widget elementor-widget-image-gallery\" data-id=\"97fd989\" data-element_type=\"widget\" data-widget_type=\"image-gallery.default\">\n\t\t\t\t<div class=\"elementor-widget-container\">\n\t\t\t<style>\/*! elementor - v3.15.0 - 20-08-2023 *\/\n.elementor-image-gallery .gallery-item{display:inline-block;text-align:center;vertical-align:top;width:100%;max-width:100%;margin:0 auto}.elementor-image-gallery .gallery-item img{margin:0 auto}.elementor-image-gallery .gallery-item .gallery-caption{margin:0}.elementor-image-gallery figure img{display:block}.elementor-image-gallery figure figcaption{width:100%}.gallery-spacing-custom .elementor-image-gallery .gallery-icon{padding:0}@media (min-width:768px){.elementor-image-gallery .gallery-columns-2 .gallery-item{max-width:50%}.elementor-image-gallery .gallery-columns-3 .gallery-item{max-width:33.33%}.elementor-image-gallery .gallery-columns-4 .gallery-item{max-width:25%}.elementor-image-gallery .gallery-columns-5 .gallery-item{max-width:20%}.elementor-image-gallery .gallery-columns-6 .gallery-item{max-width:16.666%}.elementor-image-gallery .gallery-columns-7 .gallery-item{max-width:14.28%}.elementor-image-gallery .gallery-columns-8 .gallery-item{max-width:12.5%}.elementor-image-gallery .gallery-columns-9 .gallery-item{max-width:11.11%}.elementor-image-gallery .gallery-columns-10 .gallery-item{max-width:10%}}@media (min-width:480px) and (max-width:767px){.elementor-image-gallery .gallery.gallery-columns-2 .gallery-item,.elementor-image-gallery .gallery.gallery-columns-3 .gallery-item,.elementor-image-gallery .gallery.gallery-columns-4 .gallery-item,.elementor-image-gallery .gallery.gallery-columns-5 .gallery-item,.elementor-image-gallery .gallery.gallery-columns-6 .gallery-item,.elementor-image-gallery .gallery.gallery-columns-7 .gallery-item,.elementor-image-gallery .gallery.gallery-columns-8 .gallery-item,.elementor-image-gallery .gallery.gallery-columns-9 .gallery-item,.elementor-image-gallery .gallery.gallery-columns-10 .gallery-item{max-width:50%}}@media (max-width:479px){.elementor-image-gallery .gallery.gallery-columns-2 .gallery-item,.elementor-image-gallery .gallery.gallery-columns-3 .gallery-item,.elementor-image-gallery .gallery.gallery-columns-4 .gallery-item,.elementor-image-gallery .gallery.gallery-columns-5 .gallery-item,.elementor-image-gallery .gallery.gallery-columns-6 .gallery-item,.elementor-image-gallery .gallery.gallery-columns-7 .gallery-item,.elementor-image-gallery .gallery.gallery-columns-8 .gallery-item,.elementor-image-gallery .gallery.gallery-columns-9 .gallery-item,.elementor-image-gallery .gallery.gallery-columns-10 .gallery-item{max-width:100%}}<\/style>\t\t<div class=\"elementor-image-gallery\">\n\t\t\t<div id='gallery-1' class='gallery galleryid-267 gallery-columns-5 gallery-size-full'><figure class='gallery-item'>\n\t\t\t<div class='gallery-icon landscape'>\n\t\t\t\t<a data-elementor-open-lightbox=\"yes\" data-elementor-lightbox-slideshow=\"97fd989\" data-elementor-lightbox-title=\"01-GALERIA\" data-e-action-hash=\"#elementor-action%3Aaction%3Dlightbox%26settings%3DeyJpZCI6ODIwLCJ1cmwiOiJodHRwczpcL1wvd3d3LnBvcnJlcy5lZHUuYXJcL3dwLWNvbnRlbnRcL3VwbG9hZHNcLzIwMjNcLzA5XC8wMS1HQUxFUklBLTMucG5nIiwic2xpZGVzaG93IjoiOTdmZDk4OSJ9\" href='https:\/\/www.porres.edu.ar\/wp-content\/uploads\/2023\/09\/01-GALERIA-3.png'><img loading=\"lazy\" decoding=\"async\" width=\"680\" height=\"680\" src=\"https:\/\/www.porres.edu.ar\/wp-content\/uploads\/2023\/09\/01-GALERIA-3.png\" class=\"attachment-full size-full\" alt=\"\" srcset=\"https:\/\/www.porres.edu.ar\/wp-content\/uploads\/2023\/09\/01-GALERIA-3.png 680w, https:\/\/www.porres.edu.ar\/wp-content\/uploads\/2023\/09\/01-GALERIA-3-300x300.png 300w, https:\/\/www.porres.edu.ar\/wp-content\/uploads\/2023\/09\/01-GALERIA-3-150x150.png 150w\" sizes=\"auto, (max-width: 680px) 100vw, 680px\" \/><\/a>\n\t\t\t<\/div><\/figure><figure class='gallery-item'>\n\t\t\t<div class='gallery-icon landscape'>\n\t\t\t\t<a data-elementor-open-lightbox=\"yes\" data-elementor-lightbox-slideshow=\"97fd989\" data-elementor-lightbox-title=\"02-GALERIA\" data-e-action-hash=\"#elementor-action%3Aaction%3Dlightbox%26settings%3DeyJpZCI6ODIxLCJ1cmwiOiJodHRwczpcL1wvd3d3LnBvcnJlcy5lZHUuYXJcL3dwLWNvbnRlbnRcL3VwbG9hZHNcLzIwMjNcLzA5XC8wMi1HQUxFUklBLTMucG5nIiwic2xpZGVzaG93IjoiOTdmZDk4OSJ9\" href='https:\/\/www.porres.edu.ar\/wp-content\/uploads\/2023\/09\/02-GALERIA-3.png'><img loading=\"lazy\" decoding=\"async\" width=\"680\" height=\"680\" src=\"https:\/\/www.porres.edu.ar\/wp-content\/uploads\/2023\/09\/02-GALERIA-3.png\" class=\"attachment-full size-full\" alt=\"\" srcset=\"https:\/\/www.porres.edu.ar\/wp-content\/uploads\/2023\/09\/02-GALERIA-3.png 680w, https:\/\/www.porres.edu.ar\/wp-content\/uploads\/2023\/09\/02-GALERIA-3-300x300.png 300w, https:\/\/www.porres.edu.ar\/wp-content\/uploads\/2023\/09\/02-GALERIA-3-150x150.png 150w\" sizes=\"auto, (max-width: 680px) 100vw, 680px\" \/><\/a>\n\t\t\t<\/div><\/figure><figure class='gallery-item'>\n\t\t\t<div class='gallery-icon landscape'>\n\t\t\t\t<a data-elementor-open-lightbox=\"yes\" data-elementor-lightbox-slideshow=\"97fd989\" data-elementor-lightbox-title=\"03-GALERIA\" data-e-action-hash=\"#elementor-action%3Aaction%3Dlightbox%26settings%3DeyJpZCI6ODIyLCJ1cmwiOiJodHRwczpcL1wvd3d3LnBvcnJlcy5lZHUuYXJcL3dwLWNvbnRlbnRcL3VwbG9hZHNcLzIwMjNcLzA5XC8wMy1HQUxFUklBLTMucG5nIiwic2xpZGVzaG93IjoiOTdmZDk4OSJ9\" href='https:\/\/www.porres.edu.ar\/wp-content\/uploads\/2023\/09\/03-GALERIA-3.png'><img loading=\"lazy\" decoding=\"async\" width=\"680\" height=\"680\" src=\"https:\/\/www.porres.edu.ar\/wp-content\/uploads\/2023\/09\/03-GALERIA-3.png\" class=\"attachment-full size-full\" alt=\"\" srcset=\"https:\/\/www.porres.edu.ar\/wp-content\/uploads\/2023\/09\/03-GALERIA-3.png 680w, https:\/\/www.porres.edu.ar\/wp-content\/uploads\/2023\/09\/03-GALERIA-3-300x300.png 300w, https:\/\/www.porres.edu.ar\/wp-content\/uploads\/2023\/09\/03-GALERIA-3-150x150.png 150w\" sizes=\"auto, (max-width: 680px) 100vw, 680px\" \/><\/a>\n\t\t\t<\/div><\/figure><figure class='gallery-item'>\n\t\t\t<div class='gallery-icon landscape'>\n\t\t\t\t<a data-elementor-open-lightbox=\"yes\" data-elementor-lightbox-slideshow=\"97fd989\" data-elementor-lightbox-title=\"04-GALERIA\" data-e-action-hash=\"#elementor-action%3Aaction%3Dlightbox%26settings%3DeyJpZCI6ODIzLCJ1cmwiOiJodHRwczpcL1wvd3d3LnBvcnJlcy5lZHUuYXJcL3dwLWNvbnRlbnRcL3VwbG9hZHNcLzIwMjNcLzA5XC8wNC1HQUxFUklBLTMucG5nIiwic2xpZGVzaG93IjoiOTdmZDk4OSJ9\" href='https:\/\/www.porres.edu.ar\/wp-content\/uploads\/2023\/09\/04-GALERIA-3.png'><img loading=\"lazy\" decoding=\"async\" width=\"680\" height=\"680\" src=\"https:\/\/www.porres.edu.ar\/wp-content\/uploads\/2023\/09\/04-GALERIA-3.png\" class=\"attachment-full size-full\" alt=\"\" srcset=\"https:\/\/www.porres.edu.ar\/wp-content\/uploads\/2023\/09\/04-GALERIA-3.png 680w, https:\/\/www.porres.edu.ar\/wp-content\/uploads\/2023\/09\/04-GALERIA-3-300x300.png 300w, https:\/\/www.porres.edu.ar\/wp-content\/uploads\/2023\/09\/04-GALERIA-3-150x150.png 150w\" sizes=\"auto, (max-width: 680px) 100vw, 680px\" \/><\/a>\n\t\t\t<\/div><\/figure><figure class='gallery-item'>\n\t\t\t<div class='gallery-icon landscape'>\n\t\t\t\t<a data-elementor-open-lightbox=\"yes\" data-elementor-lightbox-slideshow=\"97fd989\" data-elementor-lightbox-title=\"05-GALERIA\" data-e-action-hash=\"#elementor-action%3Aaction%3Dlightbox%26settings%3DeyJpZCI6ODI0LCJ1cmwiOiJodHRwczpcL1wvd3d3LnBvcnJlcy5lZHUuYXJcL3dwLWNvbnRlbnRcL3VwbG9hZHNcLzIwMjNcLzA5XC8wNS1HQUxFUklBLTMucG5nIiwic2xpZGVzaG93IjoiOTdmZDk4OSJ9\" href='https:\/\/www.porres.edu.ar\/wp-content\/uploads\/2023\/09\/05-GALERIA-3.png'><img loading=\"lazy\" decoding=\"async\" width=\"680\" height=\"680\" src=\"https:\/\/www.porres.edu.ar\/wp-content\/uploads\/2023\/09\/05-GALERIA-3.png\" class=\"attachment-full size-full\" alt=\"\" srcset=\"https:\/\/www.porres.edu.ar\/wp-content\/uploads\/2023\/09\/05-GALERIA-3.png 680w, https:\/\/www.porres.edu.ar\/wp-content\/uploads\/2023\/09\/05-GALERIA-3-300x300.png 300w, https:\/\/www.porres.edu.ar\/wp-content\/uploads\/2023\/09\/05-GALERIA-3-150x150.png 150w\" sizes=\"auto, (max-width: 680px) 100vw, 680px\" \/><\/a>\n\t\t\t<\/div><\/figure>\n\t\t<\/div>\n\t\t<\/div>\n\t\t\t\t<\/div>\n\t\t\t\t<\/div>\n\t\t\t\t\t<\/div>\n\t\t<\/div>\n\t\t\t\t\t\t\t<\/div>\n\t\t<\/section>\n\t\t\t\t<section class=\"elementor-section elementor-top-section elementor-element elementor-element-466fa4ac elementor-section-boxed elementor-section-height-default elementor-section-height-default\" data-id=\"466fa4ac\" data-element_type=\"section\" data-settings=\"{&quot;background_background&quot;:&quot;classic&quot;,&quot;shape_divider_bottom&quot;:&quot;waves&quot;}\">\n\t\t\t\t\t<div class=\"elementor-shape elementor-shape-bottom\" data-negative=\"false\">\n\t\t\t<svg xmlns=\"http:\/\/www.w3.org\/2000\/svg\" viewBox=\"0 0 1000 100\" preserveAspectRatio=\"none\">\n\t<path class=\"elementor-shape-fill\" d=\"M421.9,6.5c22.6-2.5,51.5,0.4,75.5,5.3c23.6,4.9,70.9,23.5,100.5,35.7c75.8,32.2,133.7,44.5,192.6,49.7\n\tc23.6,2.1,48.7,3.5,103.4-2.5c54.7-6,106.2-25.6,106.2-25.6V0H0v30.3c0,0,72,32.6,158.4,30.5c39.2-0.7,92.8-6.7,134-22.4\n\tc21.2-8.1,52.2-18.2,79.7-24.2C399.3,7.9,411.6,7.5,421.9,6.5z\"\/>\n<\/svg>\t\t<\/div>\n\t\t\t\t\t<div class=\"elementor-container elementor-column-gap-default\">\n\t\t\t\t\t<div class=\"elementor-column elementor-col-100 elementor-top-column elementor-element elementor-element-6b74b676\" data-id=\"6b74b676\" data-element_type=\"column\">\n\t\t\t<div class=\"elementor-widget-wrap elementor-element-populated\">\n\t\t\t\t\t\t\t\t<div class=\"elementor-element elementor-element-2635aeab elementor-widget elementor-widget-heading\" data-id=\"2635aeab\" data-element_type=\"widget\" data-widget_type=\"heading.default\">\n\t\t\t\t<div class=\"elementor-widget-container\">\n\t\t\t<h2 class=\"elementor-heading-title elementor-size-xxl\">\u00a1Solicit\u00e1 una vacante ahora!<\/h2>\t\t<\/div>\n\t\t\t\t<\/div>\n\t\t\t\t<div class=\"elementor-element elementor-element-6e83a8c4 elementor-widget elementor-widget-text-editor\" data-id=\"6e83a8c4\" data-element_type=\"widget\" data-widget_type=\"text-editor.default\">\n\t\t\t\t<div class=\"elementor-widget-container\">\n\t\t\t\t\t\t\t<p>Hac\u00e9 click en el bot\u00f3n, complet\u00e1 el formulario y un profesional se pondr\u00e1 en contacto con vos para coordinar una entrevista.<\/p>\t\t\t\t\t\t<\/div>\n\t\t\t\t<\/div>\n\t\t\t\t<div class=\"elementor-element elementor-element-3204f313 elementor-align-center elementor-button-success elementor-widget elementor-widget-button\" data-id=\"3204f313\" data-element_type=\"widget\" data-widget_type=\"button.default\">\n\t\t\t\t<div class=\"elementor-widget-container\">\n\t\t\t\t\t<div class=\"elementor-button-wrapper\">\n\t\t\t<a class=\"elementor-button elementor-button-link elementor-size-xl\" href=\"https:\/\/www.porres.edu.ar\/index.php\/formulario-de-admision\/\">\n\t\t\t\t\t\t<span class=\"elementor-button-content-wrapper\">\n\t\t\t\t\t\t<span class=\"elementor-button-text\">Formulario de Admisi\u00f3n<\/span>\n\t\t<\/span>\n\t\t\t\t\t<\/a>\n\t\t<\/div>\n\t\t\t\t<\/div>\n\t\t\t\t<\/div>\n\t\t\t\t\t<\/div>\n\t\t<\/div>\n\t\t\t\t\t\t\t<\/div>\n\t\t<\/section>\n\t\t\t\t\t\t\t<\/div>\n\t\t","protected":false},"excerpt":{"rendered":"<p>Actividades art\u00edsticas Nuestra propuesta educativa re\u00fane proyectos que est\u00e1n enmarcados en las \u00e1reas de la Educaci\u00f3n art\u00edstica, como ser arte, danzas, m\u00fasica y escultura, entre otros. El dise\u00f1o e implementaci\u00f3n de propuestas \u00e1ulicas de los lenguajes art\u00edsticos da sentido a nuestro proyecto institucional, fortaleciendo la inclusi\u00f3n social, como medio de expresi\u00f3n y comunicaci\u00f3n. Estamos explorando [&hellip;]<\/p>\n","protected":false},"author":1,"featured_media":0,"parent":0,"menu_order":0,"comment_status":"closed","ping_status":"closed","template":"","meta":{"footnotes":""},"class_list":["post-267","page","type-page","status-publish","hentry"],"_links":{"self":[{"href":"https:\/\/www.porres.edu.ar\/index.php\/wp-json\/wp\/v2\/pages\/267","targetHints":{"allow":["GET"]}}],"collection":[{"href":"https:\/\/www.porres.edu.ar\/index.php\/wp-json\/wp\/v2\/pages"}],"about":[{"href":"https:\/\/www.porres.edu.ar\/index.php\/wp-json\/wp\/v2\/types\/page"}],"author":[{"embeddable":true,"href":"https:\/\/www.porres.edu.ar\/index.php\/wp-json\/wp\/v2\/users\/1"}],"replies":[{"embeddable":true,"href":"https:\/\/www.porres.edu.ar\/index.php\/wp-json\/wp\/v2\/comments?post=267"}],"version-history":[{"count":43,"href":"https:\/\/www.porres.edu.ar\/index.php\/wp-json\/wp\/v2\/pages\/267\/revisions"}],"predecessor-version":[{"id":1352,"href":"https:\/\/www.porres.edu.ar\/index.php\/wp-json\/wp\/v2\/pages\/267\/revisions\/1352"}],"wp:attachment":[{"href":"https:\/\/www.porres.edu.ar\/index.php\/wp-json\/wp\/v2\/media?parent=267"}],"curies":[{"name":"wp","href":"https:\/\/api.w.org\/{rel}","templated":true}]}}